{"id":10477,"date":"2024-06-17T15:04:23","date_gmt":"2024-06-17T15:04:23","guid":{"rendered":"https:\/\/instalacionarteenchile.cl\/?page_id=10477"},"modified":"2024-07-19T21:03:07","modified_gmt":"2024-07-19T21:03:07","slug":"presentacion","status":"publish","type":"page","link":"https:\/\/instalacionarteenchile.cl\/index.php\/presentacion\/","title":{"rendered":"Presentaci\u00f3n"},"content":{"rendered":"<div class=\"wpb-content-wrapper\"><p>[vc_row full_width=\u00bbstretch_row\u00bb css=\u00bb.vc_custom_1718633193176{padding-top: 38px !important;padding-bottom: 40px !important;}\u00bb el_class=\u00bbphone-reverse-col\u00bb][vc_column parallax=\u00bbcontent-moving\u00bb]<div class=\"shortcode-banner\" style=\"min-height: 348px;background-image: url(https:\/\/instalacionarteenchile.cl\/wp-content\/uploads\/2024\/06\/Presentacion_banner-final.jpg)\"><div class=\"shortcode-banner-bg wf-table\" style=\"padding: 0px;min-height: 348px\"><div class=\"shortcode-banner-inside wf-table text-big\" style=\"border: solid 0px transparent;outline: solid 0px;outline-color: #ffffff;height: 348px\"><div><\/div><\/div><\/div><\/div>[\/vc_column][\/vc_row][vc_section][vc_row][vc_column][vc_column_text]<\/p>\n<div align=\"justify\">\n<p>La instalaci\u00f3n (arte) es una modalidad del arte contempor\u00e1neo. Surge en la d\u00e9cada de 1960, en el seno del minimalismo norteamericano, como resultado de la crisis de la instituci\u00f3n museal y del car\u00e1cter transable del objeto art\u00edstico.<\/p>\n<p>Esta pr\u00e1ctica se fundamenta en el uso del espacio, el cual no solo ocupa, sino que tambi\u00e9n act\u00faa sobre este, con el fin de generar experiencias perceptivas y cognitivas que ponen de relieve el papel del espectador como agente transformador del espacio y de su significado.<\/p>\n<p>En ese sentido, la instalaci\u00f3n (arte) es una pr\u00e1ctica que se vale de las cualidades del espacio y las reconfigura, con el fin de evidenciar un desborde de los c\u00e1nones disciplinares imperantes. En un contexto amplio y de s\u00edntesis, la noci\u00f3n \u201cinstalaci\u00f3n (arte)\u201d responde a un modo de pensar y actuar que implica el espacio y la participaci\u00f3n activa del espectador.<\/p>\n<p>Su validaci\u00f3n institucional en el contexto internacional vino con la exhibici\u00f3n Space (1969), realizada por la curadora norteamericana Jennifer Licht, en el Museum of Modern Art de Nueva York. Sin embargo, sus antecedentes se remontan a las vanguardias de principio del siglo XX, donde obras como Hannover Merzbau (1923-1936) de Kurt Schwitters, Prounenraum (1923) de El Lissitzky y Plafond charg\u00e9 de 1200 sacs a charbon (1938) de Marcel Duchamp, han sido propuestas por la bibliograf\u00eda como precursoras de lo que hoy entendemos por instalaci\u00f3n (arte).<\/p>\n<p>A fines de la d\u00e9cada del sesenta del siglo XX, la escena local en Chile evidenci\u00f3 la existencia temprana de obras que responden a los principios que rigen la pr\u00e1ctica de la instalaci\u00f3n (arte). La abstracci\u00f3n y el informalismo permitieron el surgimiento de un conjunto de obras que buscaban explorar nuevos materiales y modos de producci\u00f3n. Son obras que se nutr\u00edan de lo cotidiano, de la cultura popular y de una escena pol\u00edtica comprometida con los cambios.<\/p>\n<p>En particular, entre los a\u00f1os 1969 y 1971, hubo tres exposiciones que forman parte los antecedentes que marcan el surgimiento de la instalaci\u00f3n (arte) en nuestro pa\u00eds. Dos de ellas fueron individuales, realizadas por los artistas V\u00edctor Hugo N\u00fa\u00f1ez (1969) y Francisco Brugnoli (1971); la tercera bipersonal, en la que participaron los artistas Carlos Peters y Mar\u00eda Cristina Matta (1971).<\/p>\n<p>Estas obras fueron expuestas en la Sala Universitaria, espacio que inici\u00f3 sus actividades en 1944 y que se ubicaba en el segundo piso de la Casa Central de la Universidad de Chile (actuales oficinas de la Librer\u00eda Universitaria). En 1945, la administraci\u00f3n de la sala fue delegada al Instituto de Extensi\u00f3n de Artes Pl\u00e1sticas, entidad que defini\u00f3 los lineamientos curatoriales del espacio. Con el trascurrir de a\u00f1os, la Sala Universitaria se convirti\u00f3 en un espacio relevante en la escena local, condici\u00f3n que le permiti\u00f3 albergar importantes exposiciones nacionales e internacionales.<\/p>\n<\/div>\n<p>[\/vc_column_text][vc_empty_space]<style type=\"text\/css\" data-type=\"the7_shortcodes-inline-css\">.gallery-shortcode.gallery-masonry-shortcode-id-b095cc91380712f6096d1419b117ec03 figure,\n.gallery-shortcode.gallery-masonry-shortcode-id-b095cc91380712f6096d1419b117ec03 .rollover,\n.gallery-shortcode.gallery-masonry-shortcode-id-b095cc91380712f6096d1419b117ec03 img,\n.gallery-shortcode.gallery-masonry-shortcode-id-b095cc91380712f6096d1419b117ec03 .gallery-rollover {\n  border-radius: 0px;\n}\n.gallery-shortcode.gallery-masonry-shortcode-id-b095cc91380712f6096d1419b117ec03.enable-bg-rollover .gallery-rollover {\n  background: -webkit-linear-gradient();\n  background: linear-gradient();\n}\n.gallery-shortcode.gallery-masonry-shortcode-id-b095cc91380712f6096d1419b117ec03.enable-bg-rollover.hover-scale figure .rollover:after {\n  background: -webkit-linear-gradient();\n  background: linear-gradient();\n}\n.gallery-shortcode.gallery-masonry-shortcode-id-b095cc91380712f6096d1419b117ec03 .gallery-zoom-ico {\n  width: 44px;\n  height: 44px;\n  line-height: 44px;\n  border-radius: 100px;\n  margin: -22px 0 0 -22px;\n  border-width: 0px;\n  color: #ffffff;\n}\n.dt-icon-bg-on.gallery-shortcode.gallery-masonry-shortcode-id-b095cc91380712f6096d1419b117ec03 .gallery-zoom-ico {\n  background: rgba(255,255,255,0.3);\n  box-shadow: none;\n}\n.gallery-shortcode.gallery-masonry-shortcode-id-b095cc91380712f6096d1419b117ec03 .gallery-zoom-ico:before,\n.gallery-shortcode.gallery-masonry-shortcode-id-b095cc91380712f6096d1419b117ec03 .gallery-zoom-ico span {\n  font-size: 32px;\n  line-height: 44px;\n  color: #ffffff;\n}\n.gallery-shortcode.gallery-masonry-shortcode-id-b095cc91380712f6096d1419b117ec03:not(.resize-by-browser-width) .dt-css-grid {\n  grid-row-gap: 10px;\n  grid-column-gap: 10px;\n  grid-template-columns: repeat(auto-fill,minmax(,1fr));\n}\n.gallery-shortcode.gallery-masonry-shortcode-id-b095cc91380712f6096d1419b117ec03:not(.resize-by-browser-width) .dt-css-grid .double-width {\n  grid-column: span 2;\n}\n.cssgridlegacy.no-cssgrid .gallery-shortcode.gallery-masonry-shortcode-id-b095cc91380712f6096d1419b117ec03:not(.resize-by-browser-width) .dt-css-grid,\n.no-cssgridlegacy.no-cssgrid .gallery-shortcode.gallery-masonry-shortcode-id-b095cc91380712f6096d1419b117ec03:not(.resize-by-browser-width) .dt-css-grid {\n  display: flex;\n  flex-flow: row wrap;\n  margin: -5px;\n}\n.cssgridlegacy.no-cssgrid .gallery-shortcode.gallery-masonry-shortcode-id-b095cc91380712f6096d1419b117ec03:not(.resize-by-browser-width) .dt-css-grid .wf-cell,\n.no-cssgridlegacy.no-cssgrid .gallery-shortcode.gallery-masonry-shortcode-id-b095cc91380712f6096d1419b117ec03:not(.resize-by-browser-width) .dt-css-grid .wf-cell {\n  flex: 1 0 ;\n  max-width: 100%;\n  padding: 5px;\n  box-sizing: border-box;\n}\n.gallery-shortcode.gallery-masonry-shortcode-id-b095cc91380712f6096d1419b117ec03.resize-by-browser-width .dt-css-grid {\n  grid-template-columns: repeat(4,1fr);\n  grid-template-rows: auto;\n  grid-column-gap: 10px;\n  grid-row-gap: 10px;\n}\n.gallery-shortcode.gallery-masonry-shortcode-id-b095cc91380712f6096d1419b117ec03.resize-by-browser-width .dt-css-grid .double-width {\n  grid-column: span 2;\n}\n.cssgridlegacy.no-cssgrid .gallery-shortcode.gallery-masonry-shortcode-id-b095cc91380712f6096d1419b117ec03.resize-by-browser-width .dt-css-grid {\n  margin: -5px;\n}\n.cssgridlegacy.no-cssgrid .gallery-shortcode.gallery-masonry-shortcode-id-b095cc91380712f6096d1419b117ec03.resize-by-browser-width .dt-css-grid .wf-cell {\n  width: 25%;\n  padding: 5px;\n}\n.cssgridlegacy.no-cssgrid .gallery-shortcode.gallery-masonry-shortcode-id-b095cc91380712f6096d1419b117ec03.resize-by-browser-width .dt-css-grid .wf-cell.double-width {\n  width: calc(25%) * 2;\n}\n.gallery-shortcode.gallery-masonry-shortcode-id-b095cc91380712f6096d1419b117ec03.resize-by-browser-width:not(.centered-layout-list):not(.content-bg-on) .dt-css-grid {\n  grid-row-gap: 10px - ;\n}\n@media screen and (max-width: 1199px) {\n  .gallery-shortcode.gallery-masonry-shortcode-id-b095cc91380712f6096d1419b117ec03.resize-by-browser-width .dt-css-grid {\n    grid-template-columns: repeat(4,1fr);\n  }\n  .cssgridlegacy.no-cssgrid .gallery-shortcode.gallery-masonry-shortcode-id-b095cc91380712f6096d1419b117ec03.resize-by-browser-width .dt-css-grid .wf-cell,\n  .no-cssgridlegacy.no-cssgrid .gallery-shortcode.gallery-masonry-shortcode-id-b095cc91380712f6096d1419b117ec03.resize-by-browser-width .dt-css-grid .wf-cell {\n    width: 25%;\n  }\n  .cssgridlegacy.no-cssgrid .gallery-shortcode.gallery-masonry-shortcode-id-b095cc91380712f6096d1419b117ec03.resize-by-browser-width .dt-css-grid .wf-cell.double-width,\n  .no-cssgridlegacy.no-cssgrid .gallery-shortcode.gallery-masonry-shortcode-id-b095cc91380712f6096d1419b117ec03.resize-by-browser-width .dt-css-grid .wf-cell.double-width {\n    width: calc(25%)*2;\n  }\n}\n@media screen and (max-width: 991px) {\n  .gallery-shortcode.gallery-masonry-shortcode-id-b095cc91380712f6096d1419b117ec03.resize-by-browser-width .dt-css-grid {\n    grid-template-columns: repeat(3,1fr);\n  }\n  .cssgridlegacy.no-cssgrid .gallery-shortcode.gallery-masonry-shortcode-id-b095cc91380712f6096d1419b117ec03.resize-by-browser-width .dt-css-grid .wf-cell,\n  .no-cssgridlegacy.no-cssgrid .gallery-shortcode.gallery-masonry-shortcode-id-b095cc91380712f6096d1419b117ec03.resize-by-browser-width .dt-css-grid .wf-cell {\n    width: 33.333333333333%;\n  }\n  .cssgridlegacy.no-cssgrid .gallery-shortcode.gallery-masonry-shortcode-id-b095cc91380712f6096d1419b117ec03.resize-by-browser-width .dt-css-grid .wf-cell.double-width,\n  .no-cssgridlegacy.no-cssgrid .gallery-shortcode.gallery-masonry-shortcode-id-b095cc91380712f6096d1419b117ec03.resize-by-browser-width .dt-css-grid .wf-cell.double-width {\n    width: calc(33.333333333333%)*2;\n  }\n}\n@media screen and (max-width: 767px) {\n  .gallery-shortcode.gallery-masonry-shortcode-id-b095cc91380712f6096d1419b117ec03.resize-by-browser-width .dt-css-grid {\n    grid-template-columns: repeat(2,1fr);\n  }\n  .cssgridlegacy.no-cssgrid .gallery-shortcode.gallery-masonry-shortcode-id-b095cc91380712f6096d1419b117ec03.resize-by-browser-width .dt-css-grid .wf-cell,\n  .no-cssgridlegacy.no-cssgrid .gallery-shortcode.gallery-masonry-shortcode-id-b095cc91380712f6096d1419b117ec03.resize-by-browser-width .dt-css-grid .wf-cell {\n    width: 50%;\n  }\n  .cssgridlegacy.no-cssgrid .gallery-shortcode.gallery-masonry-shortcode-id-b095cc91380712f6096d1419b117ec03.resize-by-browser-width .dt-css-grid .wf-cell.double-width,\n  .no-cssgridlegacy.no-cssgrid .gallery-shortcode.gallery-masonry-shortcode-id-b095cc91380712f6096d1419b117ec03.resize-by-browser-width .dt-css-grid .wf-cell.double-width {\n    width: calc(50%)*2;\n  }\n}\n<\/style><div class=\"gallery-shortcode dt-gallery-container gallery-masonry-shortcode-id-b095cc91380712f6096d1419b117ec03 mode-masonry jquery-filter dt-icon-bg-off quick-scale-img enable-bg-rollover resize-by-browser-width  hover-fade loading-effect-fade-in description-on-hover\" data-padding=\"5px\" data-cur-page=\"1\" data-post-limit=\"-1\" data-pagination-mode=\"none\" data-desktop-columns-num=\"4\" data-v-tablet-columns-num=\"3\" data-h-tablet-columns-num=\"4\" data-phone-columns-num=\"2\" data-width=\"0px\" data-columns=\"0\"><div class=\"iso-container\" ><div class=\"wf-cell iso-item\" data-post-id=\"10256\" data-date=\"2024-05-16T22:26:26+00:00\" data-name=\"Revisi\u00f3n documentos, Archivo Institucional Museo de Arte Contempor\u00e1neo.\"><figure class=\"post visible\"><a href=\"https:\/\/instalacionarteenchile.cl\/wp-content\/uploads\/2024\/05\/pres_gal_03.jpg\" class=\"rollover dt-pswp-item layzr-bg\" data-large_image_width=\"1600\" data-large_image_height=\"900\" data-dt-img-description=\"\" title=\"Revisi\u00f3n documentos, Archivo Institucional Museo de Arte Contempor\u00e1neo.\"><img fetchpriority=\"high\" decoding=\"async\" class=\"preload-me iso-lazy-load aspect\" src=\"data:image\/svg+xml,%3Csvg%20xmlns%3D&#39;http%3A%2F%2Fwww.w3.org%2F2000%2Fsvg&#39;%20viewBox%3D&#39;0%200%20379%20284&#39;%2F%3E\" data-src=\"https:\/\/instalacionarteenchile.cl\/wp-content\/uploads\/2024\/05\/pres_gal_03-379x284.jpg\" data-srcset=\"https:\/\/instalacionarteenchile.cl\/wp-content\/uploads\/2024\/05\/pres_gal_03-379x284.jpg 379w, https:\/\/instalacionarteenchile.cl\/wp-content\/uploads\/2024\/05\/pres_gal_03-569x426.jpg 569w\" loading=\"eager\" style=\"--ratio: 379 \/ 284\" sizes=\"(max-width: 379px) 100vw, 379px\" alt=\"\" width=\"379\" height=\"284\"  \/><span class=\"gallery-rollover\"><span class=\"gallery-zoom-ico icomoon-the7-font-the7-zoom-01\"><span><\/span><\/span><\/span><\/a><\/figure><\/div><div class=\"wf-cell iso-item\" data-post-id=\"10255\" data-date=\"2024-05-16T22:26:22+00:00\" data-name=\"Revisi\u00f3n archivo fotogr\u00e1fico, Archivo Central Andr\u00e9s Bello.\"><figure class=\"post visible\"><a href=\"https:\/\/instalacionarteenchile.cl\/wp-content\/uploads\/2024\/05\/pres_gal_02.jpg\" class=\"rollover dt-pswp-item layzr-bg\" data-large_image_width=\"1280\" data-large_image_height=\"720\" data-dt-img-description=\"\" title=\"Revisi\u00f3n archivo fotogr\u00e1fico, Archivo Central Andr\u00e9s Bello.\"><img decoding=\"async\" class=\"preload-me iso-lazy-load aspect\" src=\"data:image\/svg+xml,%3Csvg%20xmlns%3D&#39;http%3A%2F%2Fwww.w3.org%2F2000%2Fsvg&#39;%20viewBox%3D&#39;0%200%20379%20284&#39;%2F%3E\" data-src=\"https:\/\/instalacionarteenchile.cl\/wp-content\/uploads\/2024\/05\/pres_gal_02-379x284.jpg\" data-srcset=\"https:\/\/instalacionarteenchile.cl\/wp-content\/uploads\/2024\/05\/pres_gal_02-379x284.jpg 379w, https:\/\/instalacionarteenchile.cl\/wp-content\/uploads\/2024\/05\/pres_gal_02-569x426.jpg 569w\" loading=\"eager\" style=\"--ratio: 379 \/ 284\" sizes=\"(max-width: 379px) 100vw, 379px\" alt=\"\" width=\"379\" height=\"284\"  \/><span class=\"gallery-rollover\"><span class=\"gallery-zoom-ico icomoon-the7-font-the7-zoom-01\"><span><\/span><\/span><\/span><\/a><\/figure><\/div><div class=\"wf-cell iso-item\" data-post-id=\"10257\" data-date=\"2024-05-16T22:26:28+00:00\" data-name=\"Visita segundo piso Librer\u00eda Universitaria, lugar donde funcion\u00f3 la Sala Universitaria.\"><figure class=\"post visible\"><a href=\"https:\/\/instalacionarteenchile.cl\/wp-content\/uploads\/2024\/05\/pres_gal_04.jpg\" class=\"rollover dt-pswp-item layzr-bg\" data-large_image_width=\"1600\" data-large_image_height=\"1067\" data-dt-img-description=\"\" title=\"Visita segundo piso Librer\u00eda Universitaria, lugar donde funcion\u00f3 la Sala Universitaria.\"><img decoding=\"async\" class=\"preload-me iso-lazy-load aspect\" src=\"data:image\/svg+xml,%3Csvg%20xmlns%3D&#39;http%3A%2F%2Fwww.w3.org%2F2000%2Fsvg&#39;%20viewBox%3D&#39;0%200%20379%20284&#39;%2F%3E\" data-src=\"https:\/\/instalacionarteenchile.cl\/wp-content\/uploads\/2024\/05\/pres_gal_04-379x284.jpg\" data-srcset=\"https:\/\/instalacionarteenchile.cl\/wp-content\/uploads\/2024\/05\/pres_gal_04-379x284.jpg 379w, https:\/\/instalacionarteenchile.cl\/wp-content\/uploads\/2024\/05\/pres_gal_04-569x426.jpg 569w\" loading=\"eager\" style=\"--ratio: 379 \/ 284\" sizes=\"(max-width: 379px) 100vw, 379px\" alt=\"\" width=\"379\" height=\"284\"  \/><span class=\"gallery-rollover\"><span class=\"gallery-zoom-ico icomoon-the7-font-the7-zoom-01\"><span><\/span><\/span><\/span><\/a><\/figure><\/div><div class=\"wf-cell iso-item\" data-post-id=\"10452\" data-date=\"2024-06-17T00:37:57+00:00\" data-name=\"Entrevista al artista V\u00edctor Hugo N\u00fa\u00f1ez\"><figure class=\"post visible\"><a href=\"https:\/\/instalacionarteenchile.cl\/wp-content\/uploads\/2024\/06\/pres_gal-04-victor-hugo-nunez.jpg\" class=\"rollover dt-pswp-item layzr-bg\" data-large_image_width=\"1280\" data-large_image_height=\"720\" data-dt-img-description=\"\" title=\"Entrevista al artista V\u00edctor Hugo N\u00fa\u00f1ez\"><img decoding=\"async\" class=\"preload-me iso-lazy-load aspect\" src=\"data:image\/svg+xml,%3Csvg%20xmlns%3D&#39;http%3A%2F%2Fwww.w3.org%2F2000%2Fsvg&#39;%20viewBox%3D&#39;0%200%20379%20284&#39;%2F%3E\" data-src=\"https:\/\/instalacionarteenchile.cl\/wp-content\/uploads\/2024\/06\/pres_gal-04-victor-hugo-nunez-379x284.jpg\" data-srcset=\"https:\/\/instalacionarteenchile.cl\/wp-content\/uploads\/2024\/06\/pres_gal-04-victor-hugo-nunez-379x284.jpg 379w, https:\/\/instalacionarteenchile.cl\/wp-content\/uploads\/2024\/06\/pres_gal-04-victor-hugo-nunez-569x426.jpg 569w\" loading=\"eager\" style=\"--ratio: 379 \/ 284\" sizes=\"(max-width: 379px) 100vw, 379px\" alt=\"\" width=\"379\" height=\"284\"  \/><span class=\"gallery-rollover\"><span class=\"gallery-zoom-ico icomoon-the7-font-the7-zoom-01\"><span><\/span><\/span><\/span><\/a><\/figure><\/div><div class=\"wf-cell iso-item\" data-post-id=\"10258\" data-date=\"2024-05-16T22:26:32+00:00\" data-name=\"Entrevista a la artista Cristina Matta en su casa taller.\"><figure class=\"post visible\"><a href=\"https:\/\/instalacionarteenchile.cl\/wp-content\/uploads\/2024\/05\/pres_gal_05.jpg\" class=\"rollover dt-pswp-item layzr-bg\" data-large_image_width=\"1260\" data-large_image_height=\"709\" data-dt-img-description=\"\" title=\"Entrevista a la artista Cristina Matta en su casa taller.\"><img decoding=\"async\" class=\"preload-me iso-lazy-load aspect\" src=\"data:image\/svg+xml,%3Csvg%20xmlns%3D&#39;http%3A%2F%2Fwww.w3.org%2F2000%2Fsvg&#39;%20viewBox%3D&#39;0%200%20379%20284&#39;%2F%3E\" data-src=\"https:\/\/instalacionarteenchile.cl\/wp-content\/uploads\/2024\/05\/pres_gal_05-379x284.jpg\" data-srcset=\"https:\/\/instalacionarteenchile.cl\/wp-content\/uploads\/2024\/05\/pres_gal_05-379x284.jpg 379w, https:\/\/instalacionarteenchile.cl\/wp-content\/uploads\/2024\/05\/pres_gal_05-569x426.jpg 569w\" loading=\"eager\" style=\"--ratio: 379 \/ 284\" sizes=\"(max-width: 379px) 100vw, 379px\" alt=\"\" width=\"379\" height=\"284\"  \/><span class=\"gallery-rollover\"><span class=\"gallery-zoom-ico icomoon-the7-font-the7-zoom-01\"><span><\/span><\/span><\/span><\/a><\/figure><\/div><div class=\"wf-cell iso-item\" data-post-id=\"10453\" data-date=\"2024-06-17T00:38:01+00:00\" data-name=\"Entrevista al artista Carlos Peters\"><figure class=\"post visible\"><a href=\"https:\/\/instalacionarteenchile.cl\/wp-content\/uploads\/2024\/06\/pres_gal-06-carlos-peters.jpg\" class=\"rollover dt-pswp-item layzr-bg\" data-large_image_width=\"1280\" data-large_image_height=\"720\" data-dt-img-description=\"\" title=\"Entrevista al artista Carlos Peters\"><img decoding=\"async\" class=\"preload-me iso-lazy-load aspect\" src=\"data:image\/svg+xml,%3Csvg%20xmlns%3D&#39;http%3A%2F%2Fwww.w3.org%2F2000%2Fsvg&#39;%20viewBox%3D&#39;0%200%20379%20284&#39;%2F%3E\" data-src=\"https:\/\/instalacionarteenchile.cl\/wp-content\/uploads\/2024\/06\/pres_gal-06-carlos-peters-379x284.jpg\" data-srcset=\"https:\/\/instalacionarteenchile.cl\/wp-content\/uploads\/2024\/06\/pres_gal-06-carlos-peters-379x284.jpg 379w, https:\/\/instalacionarteenchile.cl\/wp-content\/uploads\/2024\/06\/pres_gal-06-carlos-peters-569x426.jpg 569w\" loading=\"eager\" style=\"--ratio: 379 \/ 284\" sizes=\"(max-width: 379px) 100vw, 379px\" alt=\"\" width=\"379\" height=\"284\"  \/><span class=\"gallery-rollover\"><span class=\"gallery-zoom-ico icomoon-the7-font-the7-zoom-01\"><span><\/span><\/span><\/span><\/a><\/figure><\/div><div class=\"wf-cell iso-item\" data-post-id=\"10260\" data-date=\"2024-05-16T22:26:35+00:00\" data-name=\"Reuniones de trabajo, proceso de reconstrucci\u00f3n 3D.\"><figure class=\"post visible\"><a href=\"https:\/\/instalacionarteenchile.cl\/wp-content\/uploads\/2024\/05\/pres_gal_07.jpg\" class=\"rollover dt-pswp-item layzr-bg\" data-large_image_width=\"1280\" data-large_image_height=\"720\" data-dt-img-description=\"\" title=\"Reuniones de trabajo, proceso de reconstrucci\u00f3n 3D.\"><img decoding=\"async\" class=\"preload-me iso-lazy-load aspect\" src=\"data:image\/svg+xml,%3Csvg%20xmlns%3D&#39;http%3A%2F%2Fwww.w3.org%2F2000%2Fsvg&#39;%20viewBox%3D&#39;0%200%20379%20284&#39;%2F%3E\" data-src=\"https:\/\/instalacionarteenchile.cl\/wp-content\/uploads\/2024\/05\/pres_gal_07-379x284.jpg\" data-srcset=\"https:\/\/instalacionarteenchile.cl\/wp-content\/uploads\/2024\/05\/pres_gal_07-379x284.jpg 379w, https:\/\/instalacionarteenchile.cl\/wp-content\/uploads\/2024\/05\/pres_gal_07-569x426.jpg 569w\" loading=\"eager\" style=\"--ratio: 379 \/ 284\" sizes=\"(max-width: 379px) 100vw, 379px\" alt=\"\" width=\"379\" height=\"284\"  \/><span class=\"gallery-rollover\"><span class=\"gallery-zoom-ico icomoon-the7-font-the7-zoom-01\"><span><\/span><\/span><\/span><\/a><\/figure><\/div><div class=\"wf-cell iso-item\" data-post-id=\"10261\" data-date=\"2024-05-16T22:26:38+00:00\" data-name=\"Charla educativa, Centro Nacional de Arte Contempor\u00e1neo.\"><figure class=\"post visible\"><a href=\"https:\/\/instalacionarteenchile.cl\/wp-content\/uploads\/2024\/05\/pres_gal_08.jpg\" class=\"rollover dt-pswp-item layzr-bg\" data-large_image_width=\"1276\" data-large_image_height=\"718\" data-dt-img-description=\"\" title=\"Charla educativa, Centro Nacional de Arte Contempor\u00e1neo.\"><img decoding=\"async\" class=\"preload-me iso-lazy-load aspect\" src=\"data:image\/svg+xml,%3Csvg%20xmlns%3D&#39;http%3A%2F%2Fwww.w3.org%2F2000%2Fsvg&#39;%20viewBox%3D&#39;0%200%20379%20284&#39;%2F%3E\" data-src=\"https:\/\/instalacionarteenchile.cl\/wp-content\/uploads\/2024\/05\/pres_gal_08-379x284.jpg\" data-srcset=\"https:\/\/instalacionarteenchile.cl\/wp-content\/uploads\/2024\/05\/pres_gal_08-379x284.jpg 379w, https:\/\/instalacionarteenchile.cl\/wp-content\/uploads\/2024\/05\/pres_gal_08-569x426.jpg 569w\" loading=\"eager\" style=\"--ratio: 379 \/ 284\" sizes=\"(max-width: 379px) 100vw, 379px\" alt=\"\" width=\"379\" height=\"284\"  \/><span class=\"gallery-rollover\"><span class=\"gallery-zoom-ico icomoon-the7-font-the7-zoom-01\"><span><\/span><\/span><\/span><\/a><\/figure><\/div><\/div><!-- iso-container|iso-grid --><\/div>[vc_empty_space][vc_column_text]<\/p>\n<div align=\"justify\">\n<p>Nuestra investigaci\u00f3n surge de un inter\u00e9s particular por conocer los antecedentes que marcan el surgimiento de la instalaci\u00f3n (arte) en nuestro contexto. Bajo esta premisa, se propuso la reconstrucci\u00f3n digital de las tres exposiciones ya mencionadas y exhibidas en la desaparecida Sala Universitaria de la Universidad de Chile.<\/p>\n<p>Sostenemos que las caracter\u00edsticas formales y conceptuales, presentes en estas exposiciones, definen un primer acercamiento al problema de la instalaci\u00f3n (arte) en nuestro contexto. Por ello, algunas preguntas que orientaron la investigaci\u00f3n fueron: \u00bfQu\u00e9 cualidades formales o conceptuales nos permiten considerar a estas obras como antecedentes que marcan el surgimiento de la instalaci\u00f3n (arte) en Chile? \u00bfQu\u00e9 incidencia tuvo el contexto sociopol\u00edtico en la conceptualizaci\u00f3n de estas exposiciones? \u00bfC\u00f3mo influy\u00f3 la escena art\u00edstica local y el canon disciplinar en el surgimiento de las obras en estudio?<\/p>\n<p>La importancia de este trabajo investigativo radica en su condici\u00f3n in\u00e9dita al interior de la historia del arte local, condici\u00f3n que lo convierte en un aporte, no solo al campo historiogr\u00e1fico, sino tambi\u00e9n al \u00e1mbito patrimonial, dado que propone el rescate de un espacio clave en el desarrollo de las artes visuales de fines de la d\u00e9cada de los sesenta. Este estudio tambi\u00e9n pone de relieve la recepci\u00f3n de estas obras por parte de la prensa del periodo, informaci\u00f3n que permite examinar el campo discursivo en el que se insertan estas exposiciones.<\/p>\n<p>En lo que respecta a la pertinencia, esta investigaci\u00f3n ofrece la oportunidad de conocer y entender una pr\u00e1ctica contempor\u00e1nea desde una mirada situada y a partir de la voz de los propios artistas involucrados, quienes asumen el rol de productores y promotores de una pr\u00e1ctica que cuestion\u00f3 los modelos de producci\u00f3n y recepci\u00f3n de la obra en el contexto del arte contempor\u00e1neo.<\/p>\n<\/div>\n<p>[\/vc_column_text][vc_empty_space][\/vc_column][\/vc_row][vc_row][vc_column width=\u00bb1\/3&#8243;][vc_video link=\u00bbhttps:\/\/www.youtube.com\/watch?v=ejqgY6QBCiM\u00bb][\/vc_column][vc_column width=\u00bb1\/3&#8243;][vc_video link=\u00bbhttps:\/\/www.youtube.com\/watch?v=eodjhopUFNk\u00bb][\/vc_column][vc_column width=\u00bb1\/3&#8243;][vc_video link=\u00bbhttps:\/\/www.youtube.com\/watch?v=Oyvyr-3r8DA\u00bb][\/vc_column][\/vc_row][vc_row][vc_column][vc_empty_space][\/vc_column][\/vc_row][\/vc_section]<\/p>\n<\/div>","protected":false},"excerpt":{"rendered":"<p>[vc_row full_width=\u00bbstretch_row\u00bb css=\u00bb.vc_custom_1718633193176{padding-top: 38px !important;padding-bottom: 40px !important;}\u00bb el_class=\u00bbphone-reverse-col\u00bb][vc_column parallax=\u00bbcontent-moving\u00bb][\/vc_column][\/vc_row][vc_section][vc_row][vc_column][vc_column_text] La instalaci\u00f3n (arte) es una modalidad del arte contempor\u00e1neo. Surge en la d\u00e9cada de 1960, en el seno del minimalismo norteamericano, como resultado de la crisis de la instituci\u00f3n museal y del car\u00e1cter transable del objeto art\u00edstico. Esta pr\u00e1ctica se fundamenta en el uso del espacio,&hellip;<\/p>\n","protected":false},"author":1,"featured_media":0,"parent":0,"menu_order":5,"comment_status":"closed","ping_status":"closed","template":"","meta":{"footnotes":""},"class_list":["post-10477","page","type-page","status-publish","hentry","description-off"],"_links":{"self":[{"href":"https:\/\/instalacionarteenchile.cl\/index.php\/wp-json\/wp\/v2\/pages\/10477","targetHints":{"allow":["GET"]}}],"collection":[{"href":"https:\/\/instalacionarteenchile.cl\/index.php\/wp-json\/wp\/v2\/pages"}],"about":[{"href":"https:\/\/instalacionarteenchile.cl\/index.php\/wp-json\/wp\/v2\/types\/page"}],"author":[{"embeddable":true,"href":"https:\/\/instalacionarteenchile.cl\/index.php\/wp-json\/wp\/v2\/users\/1"}],"replies":[{"embeddable":true,"href":"https:\/\/instalacionarteenchile.cl\/index.php\/wp-json\/wp\/v2\/comments?post=10477"}],"version-history":[{"count":7,"href":"https:\/\/instalacionarteenchile.cl\/index.php\/wp-json\/wp\/v2\/pages\/10477\/revisions"}],"predecessor-version":[{"id":10542,"href":"https:\/\/instalacionarteenchile.cl\/index.php\/wp-json\/wp\/v2\/pages\/10477\/revisions\/10542"}],"wp:attachment":[{"href":"https:\/\/instalacionarteenchile.cl\/index.php\/wp-json\/wp\/v2\/media?parent=10477"}],"curies":[{"name":"wp","href":"https:\/\/api.w.org\/{rel}","templated":true}]}}